{"id":197,"date":"2018-07-07T06:52:49","date_gmt":"2018-07-07T04:52:49","guid":{"rendered":"http:\/\/manoirdehuithuis.fr\/?post_type=product&#038;p=197"},"modified":"2023-07-19T15:16:03","modified_gmt":"2023-07-19T13:16:03","slug":"chambre-des-chevrefeuilles","status":"publish","type":"product","link":"https:\/\/manoirdehuithuis.fr\/index.php\/produit\/chambre-des-chevrefeuilles\/","title":{"rendered":"Chambre des Ch\u00e8vrefeuilles"},"content":{"rendered":"<p><strong><em>Au rez- de-chauss\u00e9e, de plain-pied<\/em><\/strong><\/p>\n<p><strong><em>chambre de 25m2, avec sa salle de bain<\/em><\/strong><\/p>\n<p><strong><em>Lit 160\u00d7190<\/em><\/strong><\/p>\n<p>Nuit\u00e9e : 80\u20ac, petit d\u00e9jeuner compris<\/p>\n<p>Arriv\u00e9e \u00e0 partir de 16h, D\u00e9part \u00e0 10h<\/p>\n<p>WiFi<\/p>\n<p>Lit d\u2019appoint possible sur demande, 25\u20ac en sus.<br \/>\nLit de b\u00e9b\u00e9 pr\u00eat\u00e9 sur demande.<\/p>\n<p>Contactez-nous par email pour votre reservation<\/p>\n","protected":false},"excerpt":{"rendered":"<p><strong><em>Au rez- de-chauss\u00e9e, de plain-pied, chambre de 25m2<br \/>\navec sa salle de bain<\/em><\/strong><\/p>\n","protected":false},"featured_media":213,"comment_status":"closed","ping_status":"closed","template":"","meta":[],"product_cat":[27],"product_tag":[],"_links":{"self":[{"href":"https:\/\/manoirdehuithuis.fr\/index.php\/wp-json\/wp\/v2\/product\/197"}],"collection":[{"href":"https:\/\/manoirdehuithuis.fr\/index.php\/wp-json\/wp\/v2\/product"}],"about":[{"href":"https:\/\/manoirdehuithuis.fr\/index.php\/wp-json\/wp\/v2\/types\/product"}],"replies":[{"embeddable":true,"href":"https:\/\/manoirdehuithuis.fr\/index.php\/wp-json\/wp\/v2\/comments?post=197"}],"wp:featuredmedia":[{"embeddable":true,"href":"https:\/\/manoirdehuithuis.fr\/index.php\/wp-json\/wp\/v2\/media\/213"}],"wp:attachment":[{"href":"https:\/\/manoirdehuithuis.fr\/index.php\/wp-json\/wp\/v2\/media?parent=197"}],"wp:term":[{"taxonomy":"product_cat","embeddable":true,"href":"https:\/\/manoirdehuithuis.fr\/index.php\/wp-json\/wp\/v2\/product_cat?post=197"},{"taxonomy":"product_tag","embeddable":true,"href":"https:\/\/manoirdehuithuis.fr\/index.php\/wp-json\/wp\/v2\/product_tag?post=197"}],"curies":[{"name":"wp","href":"https:\/\/api.w.org\/{rel}","templated":true}]}}